{"id":48,"date":"2012-06-13T16:48:51","date_gmt":"2012-06-13T15:48:51","guid":{"rendered":"http:\/\/bilbaobusinesscenter.com\/?page_id=48"},"modified":"2024-06-04T09:44:34","modified_gmt":"2024-06-04T08:44:34","slug":"oficina-virtual","status":"publish","type":"page","link":"https:\/\/bilbaobusinesscenter.com\/?page_id=48","title":{"rendered":"Oficina Virtual"},"content":{"rendered":"<h3 style=\"margin-bottom: 5px;\"><\/h3>\n<h1><\/h1>\n<h3 style=\"margin-bottom: 5px;\"><\/h3>\n<div style=\"text-align: center;\">\n<h1>90 <span style=\"font-size: 14px;\">euro\/mes<\/span><\/h1>\n<\/div>\n<ul>\n<li>Derecho a utilizar nuestra direcci\u00f3n como domicilio social y\/o fiscal de su empresa.<\/li>\n<li>Recepci\u00f3n y almacenamiento del correo y mensajer\u00eda.<\/li>\n<li>Reenv\u00edo del correo (seg\u00fan tarifa).<\/li>\n<li>Derecho al uso de los servicios del centro facturando seg\u00fan su consumo (tel\u00e9fono, secretariado, sala de juntas, despachos, etc).<\/li>\n<\/ul>\n","protected":false},"excerpt":{"rendered":"<p>90 euro\/mes Derecho a utilizar nuestra direcci\u00f3n como domicilio social y\/o fiscal de su empresa. Recepci\u00f3n y almacenamiento del correo y mensajer\u00eda. Reenv\u00edo del correo (seg\u00fan tarifa). Derecho al uso de los servicios del centro facturando seg\u00fan su consumo (tel\u00e9fono, secretariado, sala [&hellip;]<\/p>\n","protected":false},"author":2,"featured_media":0,"parent":2,"menu_order":0,"comment_status":"open","ping_status":"open","template":"","meta":{"om_disable_all_campaigns":false,"footnotes":""},"class_list":["post-48","page","type-page","status-publish","hentry"],"aioseo_notices":[],"_links":{"self":[{"href":"https:\/\/bilbaobusinesscenter.com\/index.php?rest_route=\/wp\/v2\/pages\/48","targetHints":{"allow":["GET"]}}],"collection":[{"href":"https:\/\/bilbaobusinesscenter.com\/index.php?rest_route=\/wp\/v2\/pages"}],"about":[{"href":"https:\/\/bilbaobusinesscenter.com\/index.php?rest_route=\/wp\/v2\/types\/page"}],"author":[{"embeddable":true,"href":"https:\/\/bilbaobusinesscenter.com\/index.php?rest_route=\/wp\/v2\/users\/2"}],"replies":[{"embeddable":true,"href":"https:\/\/bilbaobusinesscenter.com\/index.php?rest_route=%2Fwp%2Fv2%2Fcomments&post=48"}],"version-history":[{"count":20,"href":"https:\/\/bilbaobusinesscenter.com\/index.php?rest_route=\/wp\/v2\/pages\/48\/revisions"}],"predecessor-version":[{"id":204,"href":"https:\/\/bilbaobusinesscenter.com\/index.php?rest_route=\/wp\/v2\/pages\/48\/revisions\/204"}],"up":[{"embeddable":true,"href":"https:\/\/bilbaobusinesscenter.com\/index.php?rest_route=\/wp\/v2\/pages\/2"}],"wp:attachment":[{"href":"https:\/\/bilbaobusinesscenter.com\/index.php?rest_route=%2Fwp%2Fv2%2Fmedia&parent=48"}],"curies":[{"name":"wp","href":"https:\/\/api.w.org\/{rel}","templated":true}]}}