{"id":61,"date":"2012-06-13T17:11:18","date_gmt":"2012-06-13T16:11:18","guid":{"rendered":"http:\/\/bilbaobusinesscenter.com\/?page_id=61"},"modified":"2024-06-04T09:33:11","modified_gmt":"2024-06-04T08:33:11","slug":"alquiler-despachos","status":"publish","type":"page","link":"https:\/\/bilbaobusinesscenter.com\/?page_id=61","title":{"rendered":"Alquiler Despachos"},"content":{"rendered":"\n<figure class=\"wp-block-image size-full is-resized\"><a href=\"http:\/\/bilbaobusinesscenter.com\/wp-content\/uploads\/2024\/06\/Imagen-JPEG-3.jpeg\"><img loading=\"lazy\" decoding=\"async\" width=\"512\" height=\"235\" src=\"http:\/\/bilbaobusinesscenter.com\/wp-content\/uploads\/2024\/06\/Imagen-JPEG-3.jpeg\" alt=\"\" class=\"wp-image-176\" style=\"width:805px;height:auto\" srcset=\"https:\/\/bilbaobusinesscenter.com\/wp-content\/uploads\/2024\/06\/Imagen-JPEG-3.jpeg 512w, https:\/\/bilbaobusinesscenter.com\/wp-content\/uploads\/2024\/06\/Imagen-JPEG-3-300x138.jpeg 300w\" sizes=\"auto, (max-width: 512px) 100vw, 512px\" \/><\/a><\/figure>\n\n\n<p style=\"text-align: center;\">Usted puede disfrutar de un despacho totalmente equipado (mobiliario, tel\u00e9fono, internet ) las 24 horas del d\u00eda, los 365 d\u00edas del a\u00f1o, eligiendo el m\u00e1s acorde a sus necesidades.<\/p>\n<div style=\"text-align: center;\">\n<h3 style=\"margin-bottom: 5px;\">Canon fijo mensual<\/h3>\n<h4>Adaptado a sus necesidades de espacio y capacidad<\/h4>\n<\/div>\n<ul>\n<li>Despacho amueblado y decorado<\/li>\n<li>Derecho a utilizar en sus impresos nuestra direcci\u00f3n como domicilio social y\/o fiscal de su empresa<\/li>\n<li>Distribuci\u00f3n de correo y mensajer\u00eda en su oficina<\/li>\n<li>Salas de espera y recepci\u00f3n<\/li>\n<li>Acceso 24 horas todos los d\u00edas de la semana<\/li>\n<li>Limpieza diaria, conservaci\u00f3n y mantenimiento<\/li>\n<li>Consumo de agua y electricidad<\/li>\n<li>Gastos de comunidad y mantenimiento<\/li>\n<li>Control de acceso y sistemas de seguridad<\/li>\n<\/ul>\n<div style=\"text-align: center;\">\n<h3 style=\"margin-bottom: 5px;\">Canon fijo por jornada<\/h3>\n<\/div>\n<p style=\"text-align: center;\">Puede utilizar nuestros despachos, completamente<br \/>amueblados, con acceso a Internet \u00a0por<br \/>horas, media jornada o completa y semanas.<\/p>\n<h4>Tarifas seg\u00fan requisitos:<\/h4>\n<ul>\n<li>24 \u20ac\/h sala de 6 PAX<\/li>\n<li>30 \u20ac\/h sala de 10 PAX<\/li>\n<\/ul>","protected":false},"excerpt":{"rendered":"<p>Usted puede disfrutar de un despacho totalmente equipado (mobiliario, tel\u00e9fono, internet ) las 24 horas del d\u00eda, los 365 d\u00edas del a\u00f1o, eligiendo el m\u00e1s acorde a sus necesidades. Canon fijo mensual Adaptado a sus necesidades de espacio y capacidad Despacho amueblado [&hellip;]<\/p>\n","protected":false},"author":2,"featured_media":0,"parent":2,"menu_order":2,"comment_status":"open","ping_status":"open","template":"","meta":{"om_disable_all_campaigns":false,"footnotes":""},"class_list":["post-61","page","type-page","status-publish","hentry"],"aioseo_notices":[],"_links":{"self":[{"href":"https:\/\/bilbaobusinesscenter.com\/index.php?rest_route=\/wp\/v2\/pages\/61","targetHints":{"allow":["GET"]}}],"collection":[{"href":"https:\/\/bilbaobusinesscenter.com\/index.php?rest_route=\/wp\/v2\/pages"}],"about":[{"href":"https:\/\/bilbaobusinesscenter.com\/index.php?rest_route=\/wp\/v2\/types\/page"}],"author":[{"embeddable":true,"href":"https:\/\/bilbaobusinesscenter.com\/index.php?rest_route=\/wp\/v2\/users\/2"}],"replies":[{"embeddable":true,"href":"https:\/\/bilbaobusinesscenter.com\/index.php?rest_route=%2Fwp%2Fv2%2Fcomments&post=61"}],"version-history":[{"count":13,"href":"https:\/\/bilbaobusinesscenter.com\/index.php?rest_route=\/wp\/v2\/pages\/61\/revisions"}],"predecessor-version":[{"id":201,"href":"https:\/\/bilbaobusinesscenter.com\/index.php?rest_route=\/wp\/v2\/pages\/61\/revisions\/201"}],"up":[{"embeddable":true,"href":"https:\/\/bilbaobusinesscenter.com\/index.php?rest_route=\/wp\/v2\/pages\/2"}],"wp:attachment":[{"href":"https:\/\/bilbaobusinesscenter.com\/index.php?rest_route=%2Fwp%2Fv2%2Fmedia&parent=61"}],"curies":[{"name":"wp","href":"https:\/\/api.w.org\/{rel}","templated":true}]}}